{"id":34,"date":"2025-11-04T13:40:03","date_gmt":"2025-11-04T13:40:03","guid":{"rendered":"http:\/\/tractaripitestiarges.ro\/?page_id=34"},"modified":"2025-11-12T14:16:07","modified_gmt":"2025-11-12T14:16:07","slug":"34-2","status":"publish","type":"page","link":"https:\/\/tractaripitestiarges.ro\/","title":{"rendered":"Acas\u0103"},"content":{"rendered":"\n<p class=\"has-white-color has-text-color has-link-color wp-elements-7e4ac651328708ea719ac0894fa30934\">.<\/p>\n\n\n\n<p class=\"has-white-color has-text-color has-link-color wp-elements-7e4ac651328708ea719ac0894fa30934\">.<\/p>\n\n\n\n<p class=\"has-white-color has-text-color has-link-color wp-elements-7e4ac651328708ea719ac0894fa30934\">.<\/p>\n\n\n\n<h3 class=\"wp-block-heading\">\ud83c\udfe0 <strong>Tract\u0103ri Auto Pite\u0219ti \u2013 Servicii Non-Stop, oriunde \u00een Arge\u0219<\/strong><\/h3>\n\n\n\n<p>Ai r\u0103mas \u00een pan\u0103 sau ai avut un incident rutier? Echipa noastr\u0103 \u00ee\u021bi ofer\u0103 <strong>servicii rapide de tract\u0103ri auto \u00een Pite\u0219ti \u0219i \u00een tot jude\u021bul Arge\u0219<\/strong>, disponibile <strong>24\/7<\/strong>. Dispunem de <strong>platforme moderne<\/strong> \u0219i personal calificat pentru transportul sigur al autoturismului t\u0103u, indiferent de situa\u021bie.<\/p>\n\n\n\n<p>\u2705 Tract\u0103m <strong>autoturisme, dube, SUV-uri, utilaje u\u0219oare \u0219i motociclete<\/strong>.<br>\u2705 Interven\u021bii rapide \u00een <strong>Pite\u0219ti, Mioveni, \u0218tef\u0103ne\u0219ti, Topoloveni, Coste\u0219ti, C\u00e2mpulung, Curtea de Arge\u0219<\/strong>.<br>\u2705 <strong>Asisten\u021b\u0103 rutier\u0103 non-stop<\/strong>, pre\u021buri corecte \u0219i timp de r\u0103spuns minim.<\/p>\n\n\n\n<p>Suntem al\u0103turi de tine <strong>zi \u0219i noapte<\/strong>, indiferent unde te afli \u00een jude\u021bul Arge\u0219.<br>\ud83d\udcde <strong>Sun\u0103 acum la 0740 831 911<\/strong> \u0219i prime\u0219ti ajutor imediat!<\/p>\n\n\n\n\n","protected":false},"excerpt":{"rendered":"<p>. . . \ud83c\udfe0 Tract\u0103ri Auto Pite\u0219ti \u2013 Servicii Non-Stop, oriunde \u00een Arge\u0219 Ai r\u0103mas \u00een pan\u0103 sau ai avut un incident rutier? Echipa noastr\u0103 \u00ee\u021bi ofer\u0103 servicii rapide de tract\u0103ri auto \u00een Pite\u0219ti \u0219i \u00een tot jude\u021bul Arge\u0219, disponibile 24\/7. Dispunem de platforme moderne \u0219i personal calificat pentru transportul sigur al autoturismului t\u0103u, indiferent [&hellip;]<\/p>\n","protected":false},"author":1,"featured_media":0,"parent":0,"menu_order":0,"comment_status":"closed","ping_status":"closed","template":"","meta":{"footnotes":""},"class_list":["post-34","page","type-page","status-publish","hentry"],"yoast_head":"<!-- This site is optimized with the Yoast SEO plugin v27.1.1 - https:\/\/yoast.com\/product\/yoast-seo-wordpress\/ -->\r\n<title>Acas\u0103 - Tract\u0103ri Pite\u0219ti Arge\u0219 Tract\u0103ri Auto Pite\u0219ti Non-Stop | Platform\u0103 Rapid\u0103 24\/7<\/title>\r\n<meta name=\"description\" content=\"Tract\u0103ri Pite\u0219ti Arge\u0219 Servicii de tract\u0103ri auto \u00een Pite\u0219ti disponibile 24\/7. Interven\u021bii rapide, sigure \u0219i profesionale \u00een tot jude\u021bul Arge\u0219.\" \/>\r\n<meta name=\"robots\" content=\"index, follow, max-snippet:-1, max-image-preview:large, max-video-preview:-1\" \/>\r\n<link rel=\"canonical\" href=\"https:\/\/tractaripitestiarges.ro\/\" \/>\r\n<meta property=\"og:locale\" content=\"en_US\" \/>\r\n<meta property=\"og:type\" content=\"article\" \/>\r\n<meta property=\"og:title\" content=\"Acas\u0103 - Tract\u0103ri Pite\u0219ti Arge\u0219 Tract\u0103ri Auto Pite\u0219ti Non-Stop | Platform\u0103 Rapid\u0103 24\/7\" \/>\r\n<meta property=\"og:description\" content=\"Tract\u0103ri Pite\u0219ti Arge\u0219 Servicii de tract\u0103ri auto \u00een Pite\u0219ti disponibile 24\/7. Interven\u021bii rapide, sigure \u0219i profesionale \u00een tot jude\u021bul Arge\u0219.\" \/>\r\n<meta property=\"og:url\" content=\"https:\/\/tractaripitestiarges.ro\/\" \/>\r\n<meta property=\"og:site_name\" content=\"Tract\u0103ri Pite\u0219ti Arge\u0219\" \/>\r\n<meta property=\"article:publisher\" content=\"https:\/\/www.facebook.com\/share\/19ywh2zfww\/\" \/>\r\n<meta property=\"article:modified_time\" content=\"2025-11-12T14:16:07+00:00\" \/>\r\n<meta name=\"twitter:card\" content=\"summary_large_image\" \/>\r\n<meta name=\"twitter:label1\" content=\"Est. reading time\" \/>\n\t<meta name=\"twitter:data1\" content=\"1 minute\" \/>\r\n<script type=\"application\/ld+json\" class=\"yoast-schema-graph\">{\"@context\":\"https:\/\/schema.org\",\"@graph\":[{\"@type\":\"WebPage\",\"@id\":\"https:\/\/tractaripitestiarges.ro\/\",\"url\":\"https:\/\/tractaripitestiarges.ro\/\",\"name\":\"Acas\u0103 - Tract\u0103ri Pite\u0219ti Arge\u0219 Tract\u0103ri Auto Pite\u0219ti Non-Stop | Platform\u0103 Rapid\u0103 24\/7\",\"isPartOf\":{\"@id\":\"https:\/\/tractaripitestiarges.ro\/#website\"},\"datePublished\":\"2025-11-04T13:40:03+00:00\",\"dateModified\":\"2025-11-12T14:16:07+00:00\",\"description\":\"Tract\u0103ri Pite\u0219ti Arge\u0219 Servicii de tract\u0103ri auto \u00een Pite\u0219ti disponibile 24\/7. Interven\u021bii rapide, sigure \u0219i profesionale \u00een tot jude\u021bul Arge\u0219.\",\"breadcrumb\":{\"@id\":\"https:\/\/tractaripitestiarges.ro\/#breadcrumb\"},\"inLanguage\":\"en-US\",\"potentialAction\":[{\"@type\":\"ReadAction\",\"target\":[\"https:\/\/tractaripitestiarges.ro\/\"]}]},{\"@type\":\"BreadcrumbList\",\"@id\":\"https:\/\/tractaripitestiarges.ro\/#breadcrumb\",\"itemListElement\":[{\"@type\":\"ListItem\",\"position\":1,\"name\":\"Home\",\"item\":\"https:\/\/tractaripitestiarges.ro\/\"},{\"@type\":\"ListItem\",\"position\":2,\"name\":\"Acas\u0103\"}]},{\"@type\":\"WebSite\",\"@id\":\"https:\/\/tractaripitestiarges.ro\/#website\",\"url\":\"https:\/\/tractaripitestiarges.ro\/\",\"name\":\"Tract\u0103ri Pite\u0219ti Arge\u0219\",\"description\":\"\",\"potentialAction\":[{\"@type\":\"SearchAction\",\"target\":{\"@type\":\"EntryPoint\",\"urlTemplate\":\"https:\/\/tractaripitestiarges.ro\/?s={search_term_string}\"},\"query-input\":{\"@type\":\"PropertyValueSpecification\",\"valueRequired\":true,\"valueName\":\"search_term_string\"}}],\"inLanguage\":\"en-US\"}]}<\/script>\r\n<!-- \/ Yoast SEO plugin. -->","yoast_head_json":{"title":"Acas\u0103 - Tract\u0103ri Pite\u0219ti Arge\u0219 Tract\u0103ri Auto Pite\u0219ti Non-Stop | Platform\u0103 Rapid\u0103 24\/7","description":"Tract\u0103ri Pite\u0219ti Arge\u0219 Servicii de tract\u0103ri auto \u00een Pite\u0219ti disponibile 24\/7. Interven\u021bii rapide, sigure \u0219i profesionale \u00een tot jude\u021bul Arge\u0219.","robots":{"index":"index","follow":"follow","max-snippet":"max-snippet:-1","max-image-preview":"max-image-preview:large","max-video-preview":"max-video-preview:-1"},"canonical":"https:\/\/tractaripitestiarges.ro\/","og_locale":"en_US","og_type":"article","og_title":"Acas\u0103 - Tract\u0103ri Pite\u0219ti Arge\u0219 Tract\u0103ri Auto Pite\u0219ti Non-Stop | Platform\u0103 Rapid\u0103 24\/7","og_description":"Tract\u0103ri Pite\u0219ti Arge\u0219 Servicii de tract\u0103ri auto \u00een Pite\u0219ti disponibile 24\/7. Interven\u021bii rapide, sigure \u0219i profesionale \u00een tot jude\u021bul Arge\u0219.","og_url":"https:\/\/tractaripitestiarges.ro\/","og_site_name":"Tract\u0103ri Pite\u0219ti Arge\u0219","article_publisher":"https:\/\/www.facebook.com\/share\/19ywh2zfww\/","article_modified_time":"2025-11-12T14:16:07+00:00","twitter_card":"summary_large_image","twitter_misc":{"Est. reading time":"1 minute"},"schema":{"@context":"https:\/\/schema.org","@graph":[{"@type":"WebPage","@id":"https:\/\/tractaripitestiarges.ro\/","url":"https:\/\/tractaripitestiarges.ro\/","name":"Acas\u0103 - Tract\u0103ri Pite\u0219ti Arge\u0219 Tract\u0103ri Auto Pite\u0219ti Non-Stop | Platform\u0103 Rapid\u0103 24\/7","isPartOf":{"@id":"https:\/\/tractaripitestiarges.ro\/#website"},"datePublished":"2025-11-04T13:40:03+00:00","dateModified":"2025-11-12T14:16:07+00:00","description":"Tract\u0103ri Pite\u0219ti Arge\u0219 Servicii de tract\u0103ri auto \u00een Pite\u0219ti disponibile 24\/7. Interven\u021bii rapide, sigure \u0219i profesionale \u00een tot jude\u021bul Arge\u0219.","breadcrumb":{"@id":"https:\/\/tractaripitestiarges.ro\/#breadcrumb"},"inLanguage":"en-US","potentialAction":[{"@type":"ReadAction","target":["https:\/\/tractaripitestiarges.ro\/"]}]},{"@type":"BreadcrumbList","@id":"https:\/\/tractaripitestiarges.ro\/#breadcrumb","itemListElement":[{"@type":"ListItem","position":1,"name":"Home","item":"https:\/\/tractaripitestiarges.ro\/"},{"@type":"ListItem","position":2,"name":"Acas\u0103"}]},{"@type":"WebSite","@id":"https:\/\/tractaripitestiarges.ro\/#website","url":"https:\/\/tractaripitestiarges.ro\/","name":"Tract\u0103ri Pite\u0219ti Arge\u0219","description":"","potentialAction":[{"@type":"SearchAction","target":{"@type":"EntryPoint","urlTemplate":"https:\/\/tractaripitestiarges.ro\/?s={search_term_string}"},"query-input":{"@type":"PropertyValueSpecification","valueRequired":true,"valueName":"search_term_string"}}],"inLanguage":"en-US"}]}},"_links":{"self":[{"href":"https:\/\/tractaripitestiarges.ro\/index.php\/wp-json\/wp\/v2\/pages\/34","targetHints":{"allow":["GET"]}}],"collection":[{"href":"https:\/\/tractaripitestiarges.ro\/index.php\/wp-json\/wp\/v2\/pages"}],"about":[{"href":"https:\/\/tractaripitestiarges.ro\/index.php\/wp-json\/wp\/v2\/types\/page"}],"author":[{"embeddable":true,"href":"https:\/\/tractaripitestiarges.ro\/index.php\/wp-json\/wp\/v2\/users\/1"}],"replies":[{"embeddable":true,"href":"https:\/\/tractaripitestiarges.ro\/index.php\/wp-json\/wp\/v2\/comments?post=34"}],"version-history":[{"count":14,"href":"https:\/\/tractaripitestiarges.ro\/index.php\/wp-json\/wp\/v2\/pages\/34\/revisions"}],"predecessor-version":[{"id":128,"href":"https:\/\/tractaripitestiarges.ro\/index.php\/wp-json\/wp\/v2\/pages\/34\/revisions\/128"}],"wp:attachment":[{"href":"https:\/\/tractaripitestiarges.ro\/index.php\/wp-json\/wp\/v2\/media?parent=34"}],"curies":[{"name":"wp","href":"https:\/\/api.w.org\/{rel}","templated":true}]}}