{"id":71,"date":"2025-11-10T10:26:39","date_gmt":"2025-11-10T10:26:39","guid":{"rendered":"http:\/\/tractaripitestiarges.ro\/?page_id=71"},"modified":"2025-11-12T14:06:45","modified_gmt":"2025-11-12T14:06:45","slug":"servicii","status":"publish","type":"page","link":"https:\/\/tractaripitestiarges.ro\/index.php\/servicii\/","title":{"rendered":"Servicii"},"content":{"rendered":"\n<div class=\"wp-block-columns is-layout-flex wp-container-core-columns-is-layout-9d6595d7 wp-block-columns-is-layout-flex\">\n<div class=\"wp-block-column is-layout-flow wp-block-column-is-layout-flow\">\n<p><\/p>\n<\/div>\n\n\n\n<div class=\"wp-block-column is-layout-flow wp-block-column-is-layout-flow\">\n<p><\/p>\n<\/div>\n<\/div>\n\n\n\n<div class=\"wp-block-columns is-layout-flex wp-container-core-columns-is-layout-9d6595d7 wp-block-columns-is-layout-flex\">\n<div class=\"wp-block-column is-layout-flow wp-block-column-is-layout-flow\"><\/div>\n\n\n\n<div class=\"wp-block-column is-layout-flow wp-block-column-is-layout-flow\"><\/div>\n<\/div>\n\n\n\n<p class=\"has-medium-font-size\">Oferim servicii de tract\u0103ri auto cu platforma pentru orice autoturism, nou, avariat sau defect \u00een toat\u0103 Rom\u00e2nia.<\/p>\n\n\n\n<p class=\"has-medium-font-size\">Oric\u00e2nd ai o problem\u0103 \u0219i ai nevoie de tract\u0103ri dube, autoturisme apeleaz\u0103 cu \u00eencredere la noi, i\u021bi garant\u0103m c\u0103 avem o solu\u021bie. <\/p>\n\n\n\n<p class=\"has-medium-font-size\">Servicii de asisten\u021b\u0103 rutier\u0103 non-stop, \u00een Rom\u00e2nia, atunci cand autoturismul este imobilizat, \u00een cazul unor evenimente precum: defec\u021biuni tehnice, evenimente rutiere, vei primi un ajutor util pentru a minimaliza costurile, prompt \u0219i eficient.<\/p>\n\n\n\n<p><\/p>\n","protected":false},"excerpt":{"rendered":"<p>Oferim servicii de tract\u0103ri auto cu platforma pentru orice autoturism, nou, avariat sau defect \u00een toat\u0103 Rom\u00e2nia. Oric\u00e2nd ai o problem\u0103 \u0219i ai nevoie de tract\u0103ri dube, autoturisme apeleaz\u0103 cu \u00eencredere la noi, i\u021bi garant\u0103m c\u0103 avem o solu\u021bie. Servicii de asisten\u021b\u0103 rutier\u0103 non-stop, \u00een Rom\u00e2nia, atunci cand autoturismul este imobilizat, \u00een cazul unor evenimente [&hellip;]<\/p>\n","protected":false},"author":1,"featured_media":0,"parent":0,"menu_order":0,"comment_status":"closed","ping_status":"closed","template":"","meta":{"footnotes":""},"class_list":["post-71","page","type-page","status-publish","hentry"],"yoast_head":"<!-- This site is optimized with the Yoast SEO plugin v27.1.1 - https:\/\/yoast.com\/product\/yoast-seo-wordpress\/ -->\r\n<title>Servicii - Tract\u0103ri Pite\u0219ti Arge\u0219 Tract\u0103ri Auto Pite\u0219ti Non-Stop | Platform\u0103 Rapid\u0103 24\/7<\/title>\r\n<meta name=\"description\" content=\"Servicii de tract\u0103ri auto \u00een Pite\u0219ti disponibile 24\/7. Interven\u021bii rapide, sigure \u0219i profesionale \u00een tot jude\u021bul Arge\u0219. Sun\u0103 acum.\" \/>\r\n<meta name=\"robots\" content=\"index, follow, max-snippet:-1, max-image-preview:large, max-video-preview:-1\" \/>\r\n<link rel=\"canonical\" href=\"https:\/\/tractaripitestiarges.ro\/index.php\/servicii\/\" \/>\r\n<meta property=\"og:locale\" content=\"en_US\" \/>\r\n<meta property=\"og:type\" content=\"article\" \/>\r\n<meta property=\"og:title\" content=\"Servicii - Tract\u0103ri Pite\u0219ti Arge\u0219 Tract\u0103ri Auto Pite\u0219ti Non-Stop | Platform\u0103 Rapid\u0103 24\/7\" \/>\r\n<meta property=\"og:description\" content=\"Servicii de tract\u0103ri auto \u00een Pite\u0219ti disponibile 24\/7. Interven\u021bii rapide, sigure \u0219i profesionale \u00een tot jude\u021bul Arge\u0219. Sun\u0103 acum.\" \/>\r\n<meta property=\"og:url\" content=\"https:\/\/tractaripitestiarges.ro\/index.php\/servicii\/\" \/>\r\n<meta property=\"og:site_name\" content=\"Tract\u0103ri Pite\u0219ti Arge\u0219\" \/>\r\n<meta property=\"article:publisher\" content=\"https:\/\/www.facebook.com\/share\/19ywh2zfww\/\" \/>\r\n<meta property=\"article:modified_time\" content=\"2025-11-12T14:06:45+00:00\" \/>\r\n<meta name=\"twitter:card\" content=\"summary_large_image\" \/>\r\n<meta name=\"twitter:label1\" content=\"Est. reading time\" \/>\n\t<meta name=\"twitter:data1\" content=\"1 minute\" \/>\r\n<script type=\"application\/ld+json\" class=\"yoast-schema-graph\">{\"@context\":\"https:\/\/schema.org\",\"@graph\":[{\"@type\":\"WebPage\",\"@id\":\"https:\/\/tractaripitestiarges.ro\/index.php\/servicii\/\",\"url\":\"https:\/\/tractaripitestiarges.ro\/index.php\/servicii\/\",\"name\":\"Servicii - Tract\u0103ri Pite\u0219ti Arge\u0219 Tract\u0103ri Auto Pite\u0219ti Non-Stop | Platform\u0103 Rapid\u0103 24\/7\",\"isPartOf\":{\"@id\":\"https:\/\/tractaripitestiarges.ro\/#website\"},\"datePublished\":\"2025-11-10T10:26:39+00:00\",\"dateModified\":\"2025-11-12T14:06:45+00:00\",\"description\":\"Servicii de tract\u0103ri auto \u00een Pite\u0219ti disponibile 24\/7. Interven\u021bii rapide, sigure \u0219i profesionale \u00een tot jude\u021bul Arge\u0219. Sun\u0103 acum.\",\"breadcrumb\":{\"@id\":\"https:\/\/tractaripitestiarges.ro\/index.php\/servicii\/#breadcrumb\"},\"inLanguage\":\"en-US\",\"potentialAction\":[{\"@type\":\"ReadAction\",\"target\":[\"https:\/\/tractaripitestiarges.ro\/index.php\/servicii\/\"]}]},{\"@type\":\"BreadcrumbList\",\"@id\":\"https:\/\/tractaripitestiarges.ro\/index.php\/servicii\/#breadcrumb\",\"itemListElement\":[{\"@type\":\"ListItem\",\"position\":1,\"name\":\"Home\",\"item\":\"https:\/\/tractaripitestiarges.ro\/\"},{\"@type\":\"ListItem\",\"position\":2,\"name\":\"Servicii\"}]},{\"@type\":\"WebSite\",\"@id\":\"https:\/\/tractaripitestiarges.ro\/#website\",\"url\":\"https:\/\/tractaripitestiarges.ro\/\",\"name\":\"Tract\u0103ri Pite\u0219ti Arge\u0219\",\"description\":\"\",\"potentialAction\":[{\"@type\":\"SearchAction\",\"target\":{\"@type\":\"EntryPoint\",\"urlTemplate\":\"https:\/\/tractaripitestiarges.ro\/?s={search_term_string}\"},\"query-input\":{\"@type\":\"PropertyValueSpecification\",\"valueRequired\":true,\"valueName\":\"search_term_string\"}}],\"inLanguage\":\"en-US\"}]}<\/script>\r\n<!-- \/ Yoast SEO plugin. -->","yoast_head_json":{"title":"Servicii - Tract\u0103ri Pite\u0219ti Arge\u0219 Tract\u0103ri Auto Pite\u0219ti Non-Stop | Platform\u0103 Rapid\u0103 24\/7","description":"Servicii de tract\u0103ri auto \u00een Pite\u0219ti disponibile 24\/7. Interven\u021bii rapide, sigure \u0219i profesionale \u00een tot jude\u021bul Arge\u0219. Sun\u0103 acum.","robots":{"index":"index","follow":"follow","max-snippet":"max-snippet:-1","max-image-preview":"max-image-preview:large","max-video-preview":"max-video-preview:-1"},"canonical":"https:\/\/tractaripitestiarges.ro\/index.php\/servicii\/","og_locale":"en_US","og_type":"article","og_title":"Servicii - Tract\u0103ri Pite\u0219ti Arge\u0219 Tract\u0103ri Auto Pite\u0219ti Non-Stop | Platform\u0103 Rapid\u0103 24\/7","og_description":"Servicii de tract\u0103ri auto \u00een Pite\u0219ti disponibile 24\/7. Interven\u021bii rapide, sigure \u0219i profesionale \u00een tot jude\u021bul Arge\u0219. Sun\u0103 acum.","og_url":"https:\/\/tractaripitestiarges.ro\/index.php\/servicii\/","og_site_name":"Tract\u0103ri Pite\u0219ti Arge\u0219","article_publisher":"https:\/\/www.facebook.com\/share\/19ywh2zfww\/","article_modified_time":"2025-11-12T14:06:45+00:00","twitter_card":"summary_large_image","twitter_misc":{"Est. reading time":"1 minute"},"schema":{"@context":"https:\/\/schema.org","@graph":[{"@type":"WebPage","@id":"https:\/\/tractaripitestiarges.ro\/index.php\/servicii\/","url":"https:\/\/tractaripitestiarges.ro\/index.php\/servicii\/","name":"Servicii - Tract\u0103ri Pite\u0219ti Arge\u0219 Tract\u0103ri Auto Pite\u0219ti Non-Stop | Platform\u0103 Rapid\u0103 24\/7","isPartOf":{"@id":"https:\/\/tractaripitestiarges.ro\/#website"},"datePublished":"2025-11-10T10:26:39+00:00","dateModified":"2025-11-12T14:06:45+00:00","description":"Servicii de tract\u0103ri auto \u00een Pite\u0219ti disponibile 24\/7. Interven\u021bii rapide, sigure \u0219i profesionale \u00een tot jude\u021bul Arge\u0219. Sun\u0103 acum.","breadcrumb":{"@id":"https:\/\/tractaripitestiarges.ro\/index.php\/servicii\/#breadcrumb"},"inLanguage":"en-US","potentialAction":[{"@type":"ReadAction","target":["https:\/\/tractaripitestiarges.ro\/index.php\/servicii\/"]}]},{"@type":"BreadcrumbList","@id":"https:\/\/tractaripitestiarges.ro\/index.php\/servicii\/#breadcrumb","itemListElement":[{"@type":"ListItem","position":1,"name":"Home","item":"https:\/\/tractaripitestiarges.ro\/"},{"@type":"ListItem","position":2,"name":"Servicii"}]},{"@type":"WebSite","@id":"https:\/\/tractaripitestiarges.ro\/#website","url":"https:\/\/tractaripitestiarges.ro\/","name":"Tract\u0103ri Pite\u0219ti Arge\u0219","description":"","potentialAction":[{"@type":"SearchAction","target":{"@type":"EntryPoint","urlTemplate":"https:\/\/tractaripitestiarges.ro\/?s={search_term_string}"},"query-input":{"@type":"PropertyValueSpecification","valueRequired":true,"valueName":"search_term_string"}}],"inLanguage":"en-US"}]}},"_links":{"self":[{"href":"https:\/\/tractaripitestiarges.ro\/index.php\/wp-json\/wp\/v2\/pages\/71","targetHints":{"allow":["GET"]}}],"collection":[{"href":"https:\/\/tractaripitestiarges.ro\/index.php\/wp-json\/wp\/v2\/pages"}],"about":[{"href":"https:\/\/tractaripitestiarges.ro\/index.php\/wp-json\/wp\/v2\/types\/page"}],"author":[{"embeddable":true,"href":"https:\/\/tractaripitestiarges.ro\/index.php\/wp-json\/wp\/v2\/users\/1"}],"replies":[{"embeddable":true,"href":"https:\/\/tractaripitestiarges.ro\/index.php\/wp-json\/wp\/v2\/comments?post=71"}],"version-history":[{"count":6,"href":"https:\/\/tractaripitestiarges.ro\/index.php\/wp-json\/wp\/v2\/pages\/71\/revisions"}],"predecessor-version":[{"id":95,"href":"https:\/\/tractaripitestiarges.ro\/index.php\/wp-json\/wp\/v2\/pages\/71\/revisions\/95"}],"wp:attachment":[{"href":"https:\/\/tractaripitestiarges.ro\/index.php\/wp-json\/wp\/v2\/media?parent=71"}],"curies":[{"name":"wp","href":"https:\/\/api.w.org\/{rel}","templated":true}]}}