{"id":73,"date":"2025-11-10T10:26:55","date_gmt":"2025-11-10T10:26:55","guid":{"rendered":"http:\/\/tractaripitestiarges.ro\/?page_id=73"},"modified":"2025-11-12T14:22:23","modified_gmt":"2025-11-12T14:22:23","slug":"despre-noi","status":"publish","type":"page","link":"https:\/\/tractaripitestiarges.ro\/index.php\/despre-noi\/","title":{"rendered":"Despre noi"},"content":{"rendered":"\n<p class=\"has-white-color has-text-color has-link-color wp-elements-7e4ac651328708ea719ac0894fa30934\">.<\/p>\n\n\n\n<p class=\"has-white-color has-text-color has-link-color wp-elements-7e4ac651328708ea719ac0894fa30934\">.<\/p>\n\n\n\n<p class=\"has-white-color has-text-color has-link-color wp-elements-7e4ac651328708ea719ac0894fa30934\">.<\/p>\n\n\n\n<h4 class=\"wp-block-heading\">Tract\u0103ri Auto Non-Stop \u00een Pite\u0219ti \u0219i Arge\u0219<\/h4>\n\n\n\n<p>Cu o experien\u021b\u0103 de peste 15 ani \u00een domeniu, oferim servicii profesionale de tract\u0103ri auto non-stop, remorc\u0103ri \u0219i transport auto intern. Rapiditate, siguran\u021b\u0103 \u0219i transparen\u021b\u0103 \u2013 acestea sunt valorile noastre.<\/p>\n\n\n\n<p><\/p>\n","protected":false},"excerpt":{"rendered":"<p>. . . Tract\u0103ri Auto Non-Stop \u00een Pite\u0219ti \u0219i Arge\u0219 Cu o experien\u021b\u0103 de peste 15 ani \u00een domeniu, oferim servicii profesionale de tract\u0103ri auto non-stop, remorc\u0103ri \u0219i transport auto intern. Rapiditate, siguran\u021b\u0103 \u0219i transparen\u021b\u0103 \u2013 acestea sunt valorile noastre.<\/p>\n","protected":false},"author":1,"featured_media":0,"parent":0,"menu_order":0,"comment_status":"closed","ping_status":"closed","template":"","meta":{"footnotes":""},"class_list":["post-73","page","type-page","status-publish","hentry"],"yoast_head":"<!-- This site is optimized with the Yoast SEO plugin v27.1.1 - https:\/\/yoast.com\/product\/yoast-seo-wordpress\/ -->\r\n<title>Despre noi - Tract\u0103ri Pite\u0219ti Arge\u0219 Tract\u0103ri Auto Pite\u0219ti Non-Stop | Platform\u0103 Rapid\u0103 24\/7<\/title>\r\n<meta name=\"description\" content=\"Servicii de tract\u0103ri auto \u00een Pite\u0219ti disponibile 24\/7. Interven\u021bii rapide, sigure \u0219i profesionale \u00een tot jude\u021bul Arge\u0219. Sun\u0103 acum.\" \/>\r\n<meta name=\"robots\" content=\"index, follow, max-snippet:-1, max-image-preview:large, max-video-preview:-1\" \/>\r\n<link rel=\"canonical\" href=\"https:\/\/tractaripitestiarges.ro\/index.php\/despre-noi\/\" \/>\r\n<meta property=\"og:locale\" content=\"en_US\" \/>\r\n<meta property=\"og:type\" content=\"article\" \/>\r\n<meta property=\"og:title\" content=\"Despre noi - Tract\u0103ri Pite\u0219ti Arge\u0219 Tract\u0103ri Auto Pite\u0219ti Non-Stop | Platform\u0103 Rapid\u0103 24\/7\" \/>\r\n<meta property=\"og:description\" content=\"Servicii de tract\u0103ri auto \u00een Pite\u0219ti disponibile 24\/7. Interven\u021bii rapide, sigure \u0219i profesionale \u00een tot jude\u021bul Arge\u0219. Sun\u0103 acum.\" \/>\r\n<meta property=\"og:url\" content=\"https:\/\/tractaripitestiarges.ro\/index.php\/despre-noi\/\" \/>\r\n<meta property=\"og:site_name\" content=\"Tract\u0103ri Pite\u0219ti Arge\u0219\" \/>\r\n<meta property=\"article:publisher\" content=\"https:\/\/www.facebook.com\/share\/19ywh2zfww\/\" \/>\r\n<meta property=\"article:modified_time\" content=\"2025-11-12T14:22:23+00:00\" \/>\r\n<meta name=\"twitter:card\" content=\"summary_large_image\" \/>\r\n<meta name=\"twitter:label1\" content=\"Est. reading time\" \/>\n\t<meta name=\"twitter:data1\" content=\"1 minute\" \/>\r\n<script type=\"application\/ld+json\" class=\"yoast-schema-graph\">{\"@context\":\"https:\/\/schema.org\",\"@graph\":[{\"@type\":\"WebPage\",\"@id\":\"https:\/\/tractaripitestiarges.ro\/index.php\/despre-noi\/\",\"url\":\"https:\/\/tractaripitestiarges.ro\/index.php\/despre-noi\/\",\"name\":\"Despre noi - Tract\u0103ri Pite\u0219ti Arge\u0219 Tract\u0103ri Auto Pite\u0219ti Non-Stop | Platform\u0103 Rapid\u0103 24\/7\",\"isPartOf\":{\"@id\":\"https:\/\/tractaripitestiarges.ro\/#website\"},\"datePublished\":\"2025-11-10T10:26:55+00:00\",\"dateModified\":\"2025-11-12T14:22:23+00:00\",\"description\":\"Servicii de tract\u0103ri auto \u00een Pite\u0219ti disponibile 24\/7. Interven\u021bii rapide, sigure \u0219i profesionale \u00een tot jude\u021bul Arge\u0219. Sun\u0103 acum.\",\"breadcrumb\":{\"@id\":\"https:\/\/tractaripitestiarges.ro\/index.php\/despre-noi\/#breadcrumb\"},\"inLanguage\":\"en-US\",\"potentialAction\":[{\"@type\":\"ReadAction\",\"target\":[\"https:\/\/tractaripitestiarges.ro\/index.php\/despre-noi\/\"]}]},{\"@type\":\"BreadcrumbList\",\"@id\":\"https:\/\/tractaripitestiarges.ro\/index.php\/despre-noi\/#breadcrumb\",\"itemListElement\":[{\"@type\":\"ListItem\",\"position\":1,\"name\":\"Home\",\"item\":\"https:\/\/tractaripitestiarges.ro\/\"},{\"@type\":\"ListItem\",\"position\":2,\"name\":\"Despre noi\"}]},{\"@type\":\"WebSite\",\"@id\":\"https:\/\/tractaripitestiarges.ro\/#website\",\"url\":\"https:\/\/tractaripitestiarges.ro\/\",\"name\":\"Tract\u0103ri Pite\u0219ti Arge\u0219\",\"description\":\"\",\"potentialAction\":[{\"@type\":\"SearchAction\",\"target\":{\"@type\":\"EntryPoint\",\"urlTemplate\":\"https:\/\/tractaripitestiarges.ro\/?s={search_term_string}\"},\"query-input\":{\"@type\":\"PropertyValueSpecification\",\"valueRequired\":true,\"valueName\":\"search_term_string\"}}],\"inLanguage\":\"en-US\"}]}<\/script>\r\n<!-- \/ Yoast SEO plugin. -->","yoast_head_json":{"title":"Despre noi - Tract\u0103ri Pite\u0219ti Arge\u0219 Tract\u0103ri Auto Pite\u0219ti Non-Stop | Platform\u0103 Rapid\u0103 24\/7","description":"Servicii de tract\u0103ri auto \u00een Pite\u0219ti disponibile 24\/7. Interven\u021bii rapide, sigure \u0219i profesionale \u00een tot jude\u021bul Arge\u0219. Sun\u0103 acum.","robots":{"index":"index","follow":"follow","max-snippet":"max-snippet:-1","max-image-preview":"max-image-preview:large","max-video-preview":"max-video-preview:-1"},"canonical":"https:\/\/tractaripitestiarges.ro\/index.php\/despre-noi\/","og_locale":"en_US","og_type":"article","og_title":"Despre noi - Tract\u0103ri Pite\u0219ti Arge\u0219 Tract\u0103ri Auto Pite\u0219ti Non-Stop | Platform\u0103 Rapid\u0103 24\/7","og_description":"Servicii de tract\u0103ri auto \u00een Pite\u0219ti disponibile 24\/7. Interven\u021bii rapide, sigure \u0219i profesionale \u00een tot jude\u021bul Arge\u0219. Sun\u0103 acum.","og_url":"https:\/\/tractaripitestiarges.ro\/index.php\/despre-noi\/","og_site_name":"Tract\u0103ri Pite\u0219ti Arge\u0219","article_publisher":"https:\/\/www.facebook.com\/share\/19ywh2zfww\/","article_modified_time":"2025-11-12T14:22:23+00:00","twitter_card":"summary_large_image","twitter_misc":{"Est. reading time":"1 minute"},"schema":{"@context":"https:\/\/schema.org","@graph":[{"@type":"WebPage","@id":"https:\/\/tractaripitestiarges.ro\/index.php\/despre-noi\/","url":"https:\/\/tractaripitestiarges.ro\/index.php\/despre-noi\/","name":"Despre noi - Tract\u0103ri Pite\u0219ti Arge\u0219 Tract\u0103ri Auto Pite\u0219ti Non-Stop | Platform\u0103 Rapid\u0103 24\/7","isPartOf":{"@id":"https:\/\/tractaripitestiarges.ro\/#website"},"datePublished":"2025-11-10T10:26:55+00:00","dateModified":"2025-11-12T14:22:23+00:00","description":"Servicii de tract\u0103ri auto \u00een Pite\u0219ti disponibile 24\/7. Interven\u021bii rapide, sigure \u0219i profesionale \u00een tot jude\u021bul Arge\u0219. Sun\u0103 acum.","breadcrumb":{"@id":"https:\/\/tractaripitestiarges.ro\/index.php\/despre-noi\/#breadcrumb"},"inLanguage":"en-US","potentialAction":[{"@type":"ReadAction","target":["https:\/\/tractaripitestiarges.ro\/index.php\/despre-noi\/"]}]},{"@type":"BreadcrumbList","@id":"https:\/\/tractaripitestiarges.ro\/index.php\/despre-noi\/#breadcrumb","itemListElement":[{"@type":"ListItem","position":1,"name":"Home","item":"https:\/\/tractaripitestiarges.ro\/"},{"@type":"ListItem","position":2,"name":"Despre noi"}]},{"@type":"WebSite","@id":"https:\/\/tractaripitestiarges.ro\/#website","url":"https:\/\/tractaripitestiarges.ro\/","name":"Tract\u0103ri Pite\u0219ti Arge\u0219","description":"","potentialAction":[{"@type":"SearchAction","target":{"@type":"EntryPoint","urlTemplate":"https:\/\/tractaripitestiarges.ro\/?s={search_term_string}"},"query-input":{"@type":"PropertyValueSpecification","valueRequired":true,"valueName":"search_term_string"}}],"inLanguage":"en-US"}]}},"_links":{"self":[{"href":"https:\/\/tractaripitestiarges.ro\/index.php\/wp-json\/wp\/v2\/pages\/73","targetHints":{"allow":["GET"]}}],"collection":[{"href":"https:\/\/tractaripitestiarges.ro\/index.php\/wp-json\/wp\/v2\/pages"}],"about":[{"href":"https:\/\/tractaripitestiarges.ro\/index.php\/wp-json\/wp\/v2\/types\/page"}],"author":[{"embeddable":true,"href":"https:\/\/tractaripitestiarges.ro\/index.php\/wp-json\/wp\/v2\/users\/1"}],"replies":[{"embeddable":true,"href":"https:\/\/tractaripitestiarges.ro\/index.php\/wp-json\/wp\/v2\/comments?post=73"}],"version-history":[{"count":3,"href":"https:\/\/tractaripitestiarges.ro\/index.php\/wp-json\/wp\/v2\/pages\/73\/revisions"}],"predecessor-version":[{"id":130,"href":"https:\/\/tractaripitestiarges.ro\/index.php\/wp-json\/wp\/v2\/pages\/73\/revisions\/130"}],"wp:attachment":[{"href":"https:\/\/tractaripitestiarges.ro\/index.php\/wp-json\/wp\/v2\/media?parent=73"}],"curies":[{"name":"wp","href":"https:\/\/api.w.org\/{rel}","templated":true}]}}